{"id":161,"date":"2022-04-18T16:04:57","date_gmt":"2022-04-18T16:04:57","guid":{"rendered":"https:\/\/popclinic.net.br\/?page_id=161"},"modified":"2022-07-01T11:53:30","modified_gmt":"2022-07-01T11:53:30","slug":"consultas","status":"publish","type":"page","link":"https:\/\/msdotrabalho.com.br\/blog\/consultas\/","title":{"rendered":"Consultas"},"content":{"rendered":"\t\t<div data-elementor-type=\"wp-page\" data-elementor-id=\"161\" class=\"elementor elementor-161\">\n\t\t\t\t\t\t<section class=\"elementor-section elementor-top-section elementor-element elementor-element-571d726 elementor-section-height-min-height elementor-section-boxed elementor-section-height-default elementor-section-items-middle\" data-id=\"571d726\" data-element_type=\"section\" data-settings=\"{&quot;background_background&quot;:&quot;classic&quot;}\">\n\t\t\t\t\t\t<div class=\"elementor-container elementor-column-gap-default\">\n\t\t\t\t\t<div class=\"elementor-column elementor-col-100 elementor-top-column elementor-element elementor-element-fd20b7a\" data-id=\"fd20b7a\" data-element_type=\"column\" data-settings=\"{&quot;background_background&quot;:&quot;classic&quot;}\">\n\t\t\t<div class=\"elementor-widget-wrap elementor-element-populated\">\n\t\t\t\t\t\t<div class=\"elementor-element elementor-element-e705389 elementor-widget elementor-widget-heading\" data-id=\"e705389\" data-element_type=\"widget\" data-widget_type=\"heading.default\">\n\t\t\t\t<div class=\"elementor-widget-container\">\n\t\t\t\t\t<h2 class=\"elementor-heading-title elementor-size-default\">Consultas<\/h2>\t\t\t\t<\/div>\n\t\t\t\t<\/div>\n\t\t\t\t<div class=\"elementor-element elementor-element-e79b14c elementor-grid-3 elementor-grid-tablet-2 elementor-grid-mobile-1 elementor-posts--thumbnail-top elementor-widget elementor-widget-posts\" data-id=\"e79b14c\" data-element_type=\"widget\" data-settings=\"{&quot;pagination_type&quot;:&quot;prev_next&quot;,&quot;classic_columns&quot;:&quot;3&quot;,&quot;classic_columns_tablet&quot;:&quot;2&quot;,&quot;classic_columns_mobile&quot;:&quot;1&quot;,&quot;classic_row_gap&quot;:{&quot;unit&quot;:&quot;px&quot;,&quot;size&quot;:35,&quot;sizes&quot;:[]},&quot;classic_row_gap_tablet&quot;:{&quot;unit&quot;:&quot;px&quot;,&quot;size&quot;:&quot;&quot;,&quot;sizes&quot;:[]},&quot;classic_row_gap_mobile&quot;:{&quot;unit&quot;:&quot;px&quot;,&quot;size&quot;:&quot;&quot;,&quot;sizes&quot;:[]}}\" data-widget_type=\"posts.classic\">\n\t\t\t\t<div class=\"elementor-widget-container\">\n\t\t\t\t\t\t\t<div class=\"elementor-posts-container elementor-posts elementor-posts--skin-classic elementor-grid\">\n\t\t\t\t<article class=\"elementor-post elementor-grid-item post-367 post type-post status-publish format-standard has-post-thumbnail hentry category-consultas\">\n\t\t\t\t<a class=\"elementor-post__thumbnail__link\" href=\"https:\/\/msdotrabalho.com.br\/blog\/consultas\/clinico-geral\/\" >\n\t\t\t<div class=\"elementor-post__thumbnail\"><img fetchpriority=\"high\" decoding=\"async\" width=\"994\" height=\"708\" src=\"https:\/\/msdotrabalho.com.br\/blog\/wp-content\/uploads\/2022\/04\/testeoi.png\" class=\"attachment-1536x1536 size-1536x1536 wp-image-2156\" alt=\"\" srcset=\"https:\/\/msdotrabalho.com.br\/blog\/wp-content\/uploads\/2022\/04\/testeoi.png 994w, https:\/\/msdotrabalho.com.br\/blog\/wp-content\/uploads\/2022\/04\/testeoi-300x214.png 300w, https:\/\/msdotrabalho.com.br\/blog\/wp-content\/uploads\/2022\/04\/testeoi-768x547.png 768w\" sizes=\"(max-width: 767px) 89vw, (max-width: 1000px) 54vw, (max-width: 1071px) 543px, 580px\" \/><\/div>\n\t\t<\/a>\n\t\t\t\t<div class=\"elementor-post__text\">\n\t\t\t\t<h3 class=\"elementor-post__title\">\n\t\t\t<a href=\"https:\/\/msdotrabalho.com.br\/blog\/consultas\/clinico-geral\/\" >\n\t\t\t\tCl\u00ednico Geral\t\t\t<\/a>\n\t\t<\/h3>\n\t\t\t\t<div class=\"elementor-post__excerpt\">\n\t\t\t<p>O profissional faz diagn\u00f3sticos, pede exames, realiza cirurgias e prescreve medicamentos. Al\u00e9m de ter o compromisso de receber e acompanhar os pacientes<\/p>\n\t\t<\/div>\n\t\t\n\t\t<a class=\"elementor-post__read-more\" href=\"https:\/\/msdotrabalho.com.br\/blog\/consultas\/clinico-geral\/\" >\n\t\t\tLeia mais \u00bb\t\t<\/a>\n\n\t\t\t\t<\/div>\n\t\t\t\t<\/article>\n\t\t\t\t<article class=\"elementor-post elementor-grid-item post-2171 post type-post status-publish format-standard has-post-thumbnail hentry category-consultas\">\n\t\t\t\t<a class=\"elementor-post__thumbnail__link\" href=\"https:\/\/msdotrabalho.com.br\/blog\/consultas\/dentista\/\" >\n\t\t\t<div class=\"elementor-post__thumbnail\"><img decoding=\"async\" width=\"626\" height=\"417\" src=\"https:\/\/msdotrabalho.com.br\/blog\/wp-content\/uploads\/2023\/05\/imagem_2023-05-25_111814844.png\" class=\"attachment-1536x1536 size-1536x1536 wp-image-2173\" alt=\"\" srcset=\"https:\/\/msdotrabalho.com.br\/blog\/wp-content\/uploads\/2023\/05\/imagem_2023-05-25_111814844.png 626w, https:\/\/msdotrabalho.com.br\/blog\/wp-content\/uploads\/2023\/05\/imagem_2023-05-25_111814844-300x200.png 300w\" sizes=\"(max-width: 626px) 100vw, 626px\" \/><\/div>\n\t\t<\/a>\n\t\t\t\t<div class=\"elementor-post__text\">\n\t\t\t\t<h3 class=\"elementor-post__title\">\n\t\t\t<a href=\"https:\/\/msdotrabalho.com.br\/blog\/consultas\/dentista\/\" >\n\t\t\t\tDentista\t\t\t<\/a>\n\t\t<\/h3>\n\t\t\t\t<div class=\"elementor-post__excerpt\">\n\t\t\t<p>Um dentista \u00e9 um profissional de sa\u00fade especializado em cuidar da nossa sa\u00fade bucal. Eles t\u00eam conhecimento e habilidades para diagnosticar e<\/p>\n\t\t<\/div>\n\t\t\n\t\t<a class=\"elementor-post__read-more\" href=\"https:\/\/msdotrabalho.com.br\/blog\/consultas\/dentista\/\" >\n\t\t\tLeia mais \u00bb\t\t<\/a>\n\n\t\t\t\t<\/div>\n\t\t\t\t<\/article>\n\t\t\t\t<article class=\"elementor-post elementor-grid-item post-2166 post type-post status-publish format-standard has-post-thumbnail hentry category-consultas\">\n\t\t\t\t<a class=\"elementor-post__thumbnail__link\" href=\"https:\/\/msdotrabalho.com.br\/blog\/consultas\/geriatra\/\" >\n\t\t\t<div class=\"elementor-post__thumbnail\"><img decoding=\"async\" width=\"640\" height=\"360\" src=\"https:\/\/msdotrabalho.com.br\/blog\/wp-content\/uploads\/2022\/06\/saude-do-idoso-1.jpg\" class=\"attachment-1536x1536 size-1536x1536 wp-image-1496\" alt=\"\" srcset=\"https:\/\/msdotrabalho.com.br\/blog\/wp-content\/uploads\/2022\/06\/saude-do-idoso-1.jpg 640w, https:\/\/msdotrabalho.com.br\/blog\/wp-content\/uploads\/2022\/06\/saude-do-idoso-1-300x169.jpg 300w\" sizes=\"(max-width: 640px) 100vw, 640px\" \/><\/div>\n\t\t<\/a>\n\t\t\t\t<div class=\"elementor-post__text\">\n\t\t\t\t<h3 class=\"elementor-post__title\">\n\t\t\t<a href=\"https:\/\/msdotrabalho.com.br\/blog\/consultas\/geriatra\/\" >\n\t\t\t\tGeriatra\t\t\t<\/a>\n\t\t<\/h3>\n\t\t\t\t<div class=\"elementor-post__excerpt\">\n\t\t\t<p>O trabalho de um geriatra come\u00e7a com uma avalia\u00e7\u00e3o completa da sa\u00fade do paciente idoso. Isso pode envolver exames f\u00edsicos, testes de<\/p>\n\t\t<\/div>\n\t\t\n\t\t<a class=\"elementor-post__read-more\" href=\"https:\/\/msdotrabalho.com.br\/blog\/consultas\/geriatra\/\" >\n\t\t\tLeia mais \u00bb\t\t<\/a>\n\n\t\t\t\t<\/div>\n\t\t\t\t<\/article>\n\t\t\t\t<article class=\"elementor-post elementor-grid-item post-1224 post type-post status-publish format-standard has-post-thumbnail hentry category-consultas\">\n\t\t\t\t<a class=\"elementor-post__thumbnail__link\" href=\"https:\/\/msdotrabalho.com.br\/blog\/consultas\/medico-de-familia\/\" >\n\t\t\t<div class=\"elementor-post__thumbnail\"><img loading=\"lazy\" decoding=\"async\" width=\"640\" height=\"427\" src=\"https:\/\/msdotrabalho.com.br\/blog\/wp-content\/uploads\/2022\/06\/meidicinadotrabalhoms.jpg\" class=\"attachment-1536x1536 size-1536x1536 wp-image-1897\" alt=\"\" srcset=\"https:\/\/msdotrabalho.com.br\/blog\/wp-content\/uploads\/2022\/06\/meidicinadotrabalhoms.jpg 640w, https:\/\/msdotrabalho.com.br\/blog\/wp-content\/uploads\/2022\/06\/meidicinadotrabalhoms-300x200.jpg 300w\" sizes=\"(max-width: 640px) 100vw, 640px\" \/><\/div>\n\t\t<\/a>\n\t\t\t\t<div class=\"elementor-post__text\">\n\t\t\t\t<h3 class=\"elementor-post__title\">\n\t\t\t<a href=\"https:\/\/msdotrabalho.com.br\/blog\/consultas\/medico-de-familia\/\" >\n\t\t\t\tMedico de Fam\u00edlia\t\t\t<\/a>\n\t\t<\/h3>\n\t\t\t\t<div class=\"elementor-post__excerpt\">\n\t\t\t<p>A Medicina de Fam\u00edlia e Comunidade (MFC) \u00e9 uma especialidade m\u00e9dica que presta assist\u00eancia \u00e0 sa\u00fade continuada, integral e abrangente. Existe um<\/p>\n\t\t<\/div>\n\t\t\n\t\t<a class=\"elementor-post__read-more\" href=\"https:\/\/msdotrabalho.com.br\/blog\/consultas\/medico-de-familia\/\" >\n\t\t\tLeia mais \u00bb\t\t<\/a>\n\n\t\t\t\t<\/div>\n\t\t\t\t<\/article>\n\t\t\t\t<article class=\"elementor-post elementor-grid-item post-1228 post type-post status-publish format-standard has-post-thumbnail hentry category-consultas\">\n\t\t\t\t<a class=\"elementor-post__thumbnail__link\" href=\"https:\/\/msdotrabalho.com.br\/blog\/consultas\/medico-do-trabalho-2\/\" >\n\t\t\t<div class=\"elementor-post__thumbnail\"><img loading=\"lazy\" decoding=\"async\" width=\"1536\" height=\"1024\" src=\"https:\/\/msdotrabalho.com.br\/blog\/wp-content\/uploads\/2022\/06\/medicina-do-trabalho-1536x1024.jpg\" class=\"attachment-1536x1536 size-1536x1536 wp-image-1338\" alt=\"\" srcset=\"https:\/\/msdotrabalho.com.br\/blog\/wp-content\/uploads\/2022\/06\/medicina-do-trabalho-1536x1024.jpg 1536w, https:\/\/msdotrabalho.com.br\/blog\/wp-content\/uploads\/2022\/06\/medicina-do-trabalho-300x200.jpg 300w, https:\/\/msdotrabalho.com.br\/blog\/wp-content\/uploads\/2022\/06\/medicina-do-trabalho-1024x683.jpg 1024w, https:\/\/msdotrabalho.com.br\/blog\/wp-content\/uploads\/2022\/06\/medicina-do-trabalho-768x512.jpg 768w\" sizes=\"(max-width: 767px) 89vw, (max-width: 1000px) 54vw, (max-width: 1071px) 543px, 580px\" \/><\/div>\n\t\t<\/a>\n\t\t\t\t<div class=\"elementor-post__text\">\n\t\t\t\t<h3 class=\"elementor-post__title\">\n\t\t\t<a href=\"https:\/\/msdotrabalho.com.br\/blog\/consultas\/medico-do-trabalho-2\/\" >\n\t\t\t\tMedico do Trabalho\t\t\t<\/a>\n\t\t<\/h3>\n\t\t\t\t<div class=\"elementor-post__excerpt\">\n\t\t\t<p>A medicina do trabalho \u00e9 uma especialidade que se preocupa com a&nbsp;preven\u00e7\u00e3o das doen\u00e7as no exerc\u00edcio profissional e controles dos riscos ambientais.<\/p>\n\t\t<\/div>\n\t\t\n\t\t<a class=\"elementor-post__read-more\" href=\"https:\/\/msdotrabalho.com.br\/blog\/consultas\/medico-do-trabalho-2\/\" >\n\t\t\tLeia mais \u00bb\t\t<\/a>\n\n\t\t\t\t<\/div>\n\t\t\t\t<\/article>\n\t\t\t\t<article class=\"elementor-post elementor-grid-item post-1214 post type-post status-publish format-standard has-post-thumbnail hentry category-consultas\">\n\t\t\t\t<a class=\"elementor-post__thumbnail__link\" href=\"https:\/\/msdotrabalho.com.br\/blog\/consultas\/nutricionista\/\" >\n\t\t\t<div class=\"elementor-post__thumbnail\"><img loading=\"lazy\" decoding=\"async\" width=\"640\" height=\"427\" src=\"https:\/\/msdotrabalho.com.br\/blog\/wp-content\/uploads\/2022\/06\/nutricao.jpg\" class=\"attachment-1536x1536 size-1536x1536 wp-image-1490\" alt=\"\" srcset=\"https:\/\/msdotrabalho.com.br\/blog\/wp-content\/uploads\/2022\/06\/nutricao.jpg 640w, https:\/\/msdotrabalho.com.br\/blog\/wp-content\/uploads\/2022\/06\/nutricao-300x200.jpg 300w\" sizes=\"(max-width: 640px) 100vw, 640px\" \/><\/div>\n\t\t<\/a>\n\t\t\t\t<div class=\"elementor-post__text\">\n\t\t\t\t<h3 class=\"elementor-post__title\">\n\t\t\t<a href=\"https:\/\/msdotrabalho.com.br\/blog\/consultas\/nutricionista\/\" >\n\t\t\t\tNutricionista\t\t\t<\/a>\n\t\t<\/h3>\n\t\t\t\t<div class=\"elementor-post__excerpt\">\n\t\t\t<p>O Nutricionista \u00e9 o&nbsp;profissional&nbsp;de sa\u00fade capacitado para atuar na preven\u00e7\u00e3o, promo\u00e7\u00e3o e recupera\u00e7\u00e3o da sa\u00fade humana, planejando, executando e avaliando a\u00e7\u00f5es baseadas<\/p>\n\t\t<\/div>\n\t\t\n\t\t<a class=\"elementor-post__read-more\" href=\"https:\/\/msdotrabalho.com.br\/blog\/consultas\/nutricionista\/\" >\n\t\t\tLeia mais \u00bb\t\t<\/a>\n\n\t\t\t\t<\/div>\n\t\t\t\t<\/article>\n\t\t\t\t<article class=\"elementor-post elementor-grid-item post-1217 post type-post status-publish format-standard has-post-thumbnail hentry category-consultas\">\n\t\t\t\t<a class=\"elementor-post__thumbnail__link\" href=\"https:\/\/msdotrabalho.com.br\/blog\/consultas\/psicologo\/\" >\n\t\t\t<div class=\"elementor-post__thumbnail\"><img loading=\"lazy\" decoding=\"async\" width=\"640\" height=\"427\" src=\"https:\/\/msdotrabalho.com.br\/blog\/wp-content\/uploads\/2022\/06\/psicologia.jpg\" class=\"attachment-1536x1536 size-1536x1536 wp-image-1493\" alt=\"\" srcset=\"https:\/\/msdotrabalho.com.br\/blog\/wp-content\/uploads\/2022\/06\/psicologia.jpg 640w, https:\/\/msdotrabalho.com.br\/blog\/wp-content\/uploads\/2022\/06\/psicologia-300x200.jpg 300w\" sizes=\"(max-width: 640px) 100vw, 640px\" \/><\/div>\n\t\t<\/a>\n\t\t\t\t<div class=\"elementor-post__text\">\n\t\t\t\t<h3 class=\"elementor-post__title\">\n\t\t\t<a href=\"https:\/\/msdotrabalho.com.br\/blog\/consultas\/psicologo\/\" >\n\t\t\t\tPsicologo\t\t\t<\/a>\n\t\t<\/h3>\n\t\t\t\t<div class=\"elementor-post__excerpt\">\n\t\t\t<p>A&nbsp;Psicologia&nbsp;\u00e9 uma ci\u00eancia que estuda o comportamento e os processos mentais humanos. Atrav\u00e9s de an\u00e1lises complexas e criteriosas das emo\u00e7\u00f5es dos indiv\u00edduos,<\/p>\n\t\t<\/div>\n\t\t\n\t\t<a class=\"elementor-post__read-more\" href=\"https:\/\/msdotrabalho.com.br\/blog\/consultas\/psicologo\/\" >\n\t\t\tLeia mais \u00bb\t\t<\/a>\n\n\t\t\t\t<\/div>\n\t\t\t\t<\/article>\n\t\t\t\t<article class=\"elementor-post elementor-grid-item post-1220 post type-post status-publish format-standard has-post-thumbnail hentry category-consultas\">\n\t\t\t\t<a class=\"elementor-post__thumbnail__link\" href=\"https:\/\/msdotrabalho.com.br\/blog\/consultas\/reumatologista\/\" >\n\t\t\t<div class=\"elementor-post__thumbnail\"><img loading=\"lazy\" decoding=\"async\" width=\"640\" height=\"427\" src=\"https:\/\/msdotrabalho.com.br\/blog\/wp-content\/uploads\/2022\/06\/reumatologia.jpg\" class=\"attachment-1536x1536 size-1536x1536 wp-image-1492\" alt=\"\" srcset=\"https:\/\/msdotrabalho.com.br\/blog\/wp-content\/uploads\/2022\/06\/reumatologia.jpg 640w, https:\/\/msdotrabalho.com.br\/blog\/wp-content\/uploads\/2022\/06\/reumatologia-300x200.jpg 300w\" sizes=\"(max-width: 640px) 100vw, 640px\" \/><\/div>\n\t\t<\/a>\n\t\t\t\t<div class=\"elementor-post__text\">\n\t\t\t\t<h3 class=\"elementor-post__title\">\n\t\t\t<a href=\"https:\/\/msdotrabalho.com.br\/blog\/consultas\/reumatologista\/\" >\n\t\t\t\tReumatologista\t\t\t<\/a>\n\t\t<\/h3>\n\t\t\t\t<div class=\"elementor-post__excerpt\">\n\t\t\t<p>A Reumatologia \u00e9 a especialidade da Medicina que estuda, diagnostica e trata diversas doen\u00e7as que afetam o sistema muscoloesquel\u00e9tico e o tecido<\/p>\n\t\t<\/div>\n\t\t\n\t\t<a class=\"elementor-post__read-more\" href=\"https:\/\/msdotrabalho.com.br\/blog\/consultas\/reumatologista\/\" >\n\t\t\tLeia mais \u00bb\t\t<\/a>\n\n\t\t\t\t<\/div>\n\t\t\t\t<\/article>\n\t\t\t\t<\/div>\n\t\t\n\t\t\t\t\t\t<\/div>\n\t\t\t\t<\/div>\n\t\t\t\t\t<\/div>\n\t\t<\/div>\n\t\t\t\t\t<\/div>\n\t\t<\/section>\n\t\t\t\t<\/div>\n\t\t","protected":false},"excerpt":{"rendered":"<p>Consultas<\/p>\n","protected":false},"author":1,"featured_media":0,"parent":0,"menu_order":0,"comment_status":"closed","ping_status":"closed","template":"elementor_header_footer","meta":{"_joinchat":[],"footnotes":""},"class_list":["post-161","page","type-page","status-publish","hentry"],"yoast_head":"<!-- This site is optimized with the Yoast SEO plugin v27.2 - https:\/\/yoast.com\/product\/yoast-seo-wordpress\/ -->\n<title>Consultas - M&amp;S do Trabalho<\/title>\n<meta name=\"robots\" content=\"index, follow, max-snippet:-1, max-image-preview:large, max-video-preview:-1\" \/>\n<link rel=\"canonical\" href=\"https:\/\/msdotrabalho.com.br\/blog\/consultas\/\" \/>\n<meta property=\"og:locale\" content=\"pt_BR\" \/>\n<meta property=\"og:type\" content=\"article\" \/>\n<meta property=\"og:title\" content=\"Consultas - M&amp;S do Trabalho\" \/>\n<meta property=\"og:description\" content=\"Consultas\" \/>\n<meta property=\"og:url\" content=\"https:\/\/msdotrabalho.com.br\/blog\/consultas\/\" \/>\n<meta property=\"og:site_name\" content=\"M&amp;S do Trabalho\" \/>\n<meta property=\"article:publisher\" content=\"https:\/\/www.facebook.com\/msdotrabalho\" \/>\n<meta property=\"article:modified_time\" content=\"2022-07-01T11:53:30+00:00\" \/>\n<meta name=\"twitter:card\" content=\"summary_large_image\" \/>\n<meta name=\"twitter:label1\" content=\"Est. tempo de leitura\" \/>\n\t<meta name=\"twitter:data1\" content=\"3 minutos\" \/>\n<script type=\"application\/ld+json\" class=\"yoast-schema-graph\">{\"@context\":\"https:\/\/schema.org\",\"@graph\":[{\"@type\":\"WebPage\",\"@id\":\"https:\/\/msdotrabalho.com.br\/blog\/consultas\/\",\"url\":\"https:\/\/msdotrabalho.com.br\/blog\/consultas\/\",\"name\":\"Consultas - M&amp;S do Trabalho\",\"isPartOf\":{\"@id\":\"https:\/\/msdotrabalho.com.br\/blog\/#website\"},\"datePublished\":\"2022-04-18T16:04:57+00:00\",\"dateModified\":\"2022-07-01T11:53:30+00:00\",\"breadcrumb\":{\"@id\":\"https:\/\/msdotrabalho.com.br\/blog\/consultas\/#breadcrumb\"},\"inLanguage\":\"pt-BR\",\"potentialAction\":[{\"@type\":\"ReadAction\",\"target\":[\"https:\/\/msdotrabalho.com.br\/blog\/consultas\/\"]}]},{\"@type\":\"BreadcrumbList\",\"@id\":\"https:\/\/msdotrabalho.com.br\/blog\/consultas\/#breadcrumb\",\"itemListElement\":[{\"@type\":\"ListItem\",\"position\":1,\"name\":\"In\u00edcio\",\"item\":\"https:\/\/msdotrabalho.com.br\/blog\/\"},{\"@type\":\"ListItem\",\"position\":2,\"name\":\"Consultas\"}]},{\"@type\":\"WebSite\",\"@id\":\"https:\/\/msdotrabalho.com.br\/blog\/#website\",\"url\":\"https:\/\/msdotrabalho.com.br\/blog\/\",\"name\":\"M&S do Trabalho\",\"description\":\"Somos uma empresa de presta\u00e7\u00e3o de servi\u00e7os na \u00e1rea de Engenharia de Seguran\u00e7a e Medicina do Trabalho, sediada em Natal\/RN. Criada com princ\u00edpios e valores que fazem desta ser um diferencial no mercado em atua\u00e7\u00e3o, proporcionando aos nossos clientes dedica\u00e7\u00e3o, comprometimento e qualidade.\",\"publisher\":{\"@id\":\"https:\/\/msdotrabalho.com.br\/blog\/#organization\"},\"potentialAction\":[{\"@type\":\"SearchAction\",\"target\":{\"@type\":\"EntryPoint\",\"urlTemplate\":\"https:\/\/msdotrabalho.com.br\/blog\/?s={search_term_string}\"},\"query-input\":{\"@type\":\"PropertyValueSpecification\",\"valueRequired\":true,\"valueName\":\"search_term_string\"}}],\"inLanguage\":\"pt-BR\"},{\"@type\":\"Organization\",\"@id\":\"https:\/\/msdotrabalho.com.br\/blog\/#organization\",\"name\":\"M&S do Trabalho\",\"url\":\"https:\/\/msdotrabalho.com.br\/blog\/\",\"logo\":{\"@type\":\"ImageObject\",\"inLanguage\":\"pt-BR\",\"@id\":\"https:\/\/msdotrabalho.com.br\/blog\/#\/schema\/logo\/image\/\",\"url\":\"https:\/\/msdotrabalho.com.br\/blog\/wp-content\/uploads\/2022\/04\/logo.png\",\"contentUrl\":\"https:\/\/msdotrabalho.com.br\/blog\/wp-content\/uploads\/2022\/04\/logo.png\",\"width\":400,\"height\":216,\"caption\":\"M&S do Trabalho\"},\"image\":{\"@id\":\"https:\/\/msdotrabalho.com.br\/blog\/#\/schema\/logo\/image\/\"},\"sameAs\":[\"https:\/\/www.facebook.com\/msdotrabalho\"]}]}<\/script>\n<!-- \/ Yoast SEO plugin. -->","yoast_head_json":{"title":"Consultas - M&amp;S do Trabalho","robots":{"index":"index","follow":"follow","max-snippet":"max-snippet:-1","max-image-preview":"max-image-preview:large","max-video-preview":"max-video-preview:-1"},"canonical":"https:\/\/msdotrabalho.com.br\/blog\/consultas\/","og_locale":"pt_BR","og_type":"article","og_title":"Consultas - M&amp;S do Trabalho","og_description":"Consultas","og_url":"https:\/\/msdotrabalho.com.br\/blog\/consultas\/","og_site_name":"M&amp;S do Trabalho","article_publisher":"https:\/\/www.facebook.com\/msdotrabalho","article_modified_time":"2022-07-01T11:53:30+00:00","twitter_card":"summary_large_image","twitter_misc":{"Est. tempo de leitura":"3 minutos"},"schema":{"@context":"https:\/\/schema.org","@graph":[{"@type":"WebPage","@id":"https:\/\/msdotrabalho.com.br\/blog\/consultas\/","url":"https:\/\/msdotrabalho.com.br\/blog\/consultas\/","name":"Consultas - M&amp;S do Trabalho","isPartOf":{"@id":"https:\/\/msdotrabalho.com.br\/blog\/#website"},"datePublished":"2022-04-18T16:04:57+00:00","dateModified":"2022-07-01T11:53:30+00:00","breadcrumb":{"@id":"https:\/\/msdotrabalho.com.br\/blog\/consultas\/#breadcrumb"},"inLanguage":"pt-BR","potentialAction":[{"@type":"ReadAction","target":["https:\/\/msdotrabalho.com.br\/blog\/consultas\/"]}]},{"@type":"BreadcrumbList","@id":"https:\/\/msdotrabalho.com.br\/blog\/consultas\/#breadcrumb","itemListElement":[{"@type":"ListItem","position":1,"name":"In\u00edcio","item":"https:\/\/msdotrabalho.com.br\/blog\/"},{"@type":"ListItem","position":2,"name":"Consultas"}]},{"@type":"WebSite","@id":"https:\/\/msdotrabalho.com.br\/blog\/#website","url":"https:\/\/msdotrabalho.com.br\/blog\/","name":"M&S do Trabalho","description":"Somos uma empresa de presta\u00e7\u00e3o de servi\u00e7os na \u00e1rea de Engenharia de Seguran\u00e7a e Medicina do Trabalho, sediada em Natal\/RN. Criada com princ\u00edpios e valores que fazem desta ser um diferencial no mercado em atua\u00e7\u00e3o, proporcionando aos nossos clientes dedica\u00e7\u00e3o, comprometimento e qualidade.","publisher":{"@id":"https:\/\/msdotrabalho.com.br\/blog\/#organization"},"potentialAction":[{"@type":"SearchAction","target":{"@type":"EntryPoint","urlTemplate":"https:\/\/msdotrabalho.com.br\/blog\/?s={search_term_string}"},"query-input":{"@type":"PropertyValueSpecification","valueRequired":true,"valueName":"search_term_string"}}],"inLanguage":"pt-BR"},{"@type":"Organization","@id":"https:\/\/msdotrabalho.com.br\/blog\/#organization","name":"M&S do Trabalho","url":"https:\/\/msdotrabalho.com.br\/blog\/","logo":{"@type":"ImageObject","inLanguage":"pt-BR","@id":"https:\/\/msdotrabalho.com.br\/blog\/#\/schema\/logo\/image\/","url":"https:\/\/msdotrabalho.com.br\/blog\/wp-content\/uploads\/2022\/04\/logo.png","contentUrl":"https:\/\/msdotrabalho.com.br\/blog\/wp-content\/uploads\/2022\/04\/logo.png","width":400,"height":216,"caption":"M&S do Trabalho"},"image":{"@id":"https:\/\/msdotrabalho.com.br\/blog\/#\/schema\/logo\/image\/"},"sameAs":["https:\/\/www.facebook.com\/msdotrabalho"]}]}},"_links":{"self":[{"href":"https:\/\/msdotrabalho.com.br\/blog\/wp-json\/wp\/v2\/pages\/161","targetHints":{"allow":["GET"]}}],"collection":[{"href":"https:\/\/msdotrabalho.com.br\/blog\/wp-json\/wp\/v2\/pages"}],"about":[{"href":"https:\/\/msdotrabalho.com.br\/blog\/wp-json\/wp\/v2\/types\/page"}],"author":[{"embeddable":true,"href":"https:\/\/msdotrabalho.com.br\/blog\/wp-json\/wp\/v2\/users\/1"}],"replies":[{"embeddable":true,"href":"https:\/\/msdotrabalho.com.br\/blog\/wp-json\/wp\/v2\/comments?post=161"}],"version-history":[{"count":24,"href":"https:\/\/msdotrabalho.com.br\/blog\/wp-json\/wp\/v2\/pages\/161\/revisions"}],"predecessor-version":[{"id":1613,"href":"https:\/\/msdotrabalho.com.br\/blog\/wp-json\/wp\/v2\/pages\/161\/revisions\/1613"}],"wp:attachment":[{"href":"https:\/\/msdotrabalho.com.br\/blog\/wp-json\/wp\/v2\/media?parent=161"}],"curies":[{"name":"wp","href":"https:\/\/api.w.org\/{rel}","templated":true}]}}