{"id":1242,"date":"2022-06-22T14:12:39","date_gmt":"2022-06-22T14:12:39","guid":{"rendered":"https:\/\/msdotrabalho.com.br\/blog\/?page_id=1242"},"modified":"2022-07-01T12:01:03","modified_gmt":"2022-07-01T12:01:03","slug":"seguranca-trabalho","status":"publish","type":"page","link":"https:\/\/msdotrabalho.com.br\/blog\/seguranca-trabalho\/","title":{"rendered":"Seguran\u00e7a do Trabalho"},"content":{"rendered":"\t\t<div data-elementor-type=\"wp-page\" data-elementor-id=\"1242\" class=\"elementor elementor-1242\">\n\t\t\t\t\t\t<section class=\"elementor-section elementor-top-section elementor-element elementor-element-f2a8e15 elementor-section-height-min-height elementor-section-boxed elementor-section-height-default elementor-section-items-middle\" data-id=\"f2a8e15\" data-element_type=\"section\" data-settings=\"{&quot;background_background&quot;:&quot;classic&quot;}\">\n\t\t\t\t\t\t<div class=\"elementor-container elementor-column-gap-default\">\n\t\t\t\t\t<div class=\"elementor-column elementor-col-100 elementor-top-column elementor-element elementor-element-21e7303\" data-id=\"21e7303\" data-element_type=\"column\">\n\t\t\t<div class=\"elementor-widget-wrap elementor-element-populated\">\n\t\t\t\t\t\t<div class=\"elementor-element elementor-element-e4b48ea elementor-widget elementor-widget-heading\" data-id=\"e4b48ea\" data-element_type=\"widget\" data-widget_type=\"heading.default\">\n\t\t\t\t<div class=\"elementor-widget-container\">\n\t\t\t\t\t<h2 class=\"elementor-heading-title elementor-size-default\">Seguran\u00e7a do Trabalho<\/h2>\t\t\t\t<\/div>\n\t\t\t\t<\/div>\n\t\t\t\t<div class=\"elementor-element elementor-element-a782836 elementor-grid-3 elementor-grid-tablet-2 elementor-grid-mobile-1 elementor-posts--thumbnail-top elementor-widget elementor-widget-posts\" data-id=\"a782836\" data-element_type=\"widget\" data-settings=\"{&quot;pagination_type&quot;:&quot;prev_next&quot;,&quot;classic_columns&quot;:&quot;3&quot;,&quot;classic_columns_tablet&quot;:&quot;2&quot;,&quot;classic_columns_mobile&quot;:&quot;1&quot;,&quot;classic_row_gap&quot;:{&quot;unit&quot;:&quot;px&quot;,&quot;size&quot;:35,&quot;sizes&quot;:[]},&quot;classic_row_gap_tablet&quot;:{&quot;unit&quot;:&quot;px&quot;,&quot;size&quot;:&quot;&quot;,&quot;sizes&quot;:[]},&quot;classic_row_gap_mobile&quot;:{&quot;unit&quot;:&quot;px&quot;,&quot;size&quot;:&quot;&quot;,&quot;sizes&quot;:[]}}\" data-widget_type=\"posts.classic\">\n\t\t\t\t<div class=\"elementor-widget-container\">\n\t\t\t\t\t\t\t<div class=\"elementor-posts-container elementor-posts elementor-posts--skin-classic elementor-grid\">\n\t\t\t\t<article class=\"elementor-post elementor-grid-item post-1110 post type-post status-publish format-standard has-post-thumbnail hentry category-destaques category-seguranca-do-trabalho\">\n\t\t\t\t<a class=\"elementor-post__thumbnail__link\" href=\"https:\/\/msdotrabalho.com.br\/blog\/seguranca-do-trabalho\/cipa\/\" >\n\t\t\t<div class=\"elementor-post__thumbnail\"><img fetchpriority=\"high\" decoding=\"async\" width=\"640\" height=\"400\" src=\"https:\/\/msdotrabalho.com.br\/blog\/wp-content\/uploads\/2022\/06\/cipa-1.jpg\" class=\"attachment-1536x1536 size-1536x1536 wp-image-1697\" alt=\"\" srcset=\"https:\/\/msdotrabalho.com.br\/blog\/wp-content\/uploads\/2022\/06\/cipa-1.jpg 640w, https:\/\/msdotrabalho.com.br\/blog\/wp-content\/uploads\/2022\/06\/cipa-1-300x188.jpg 300w\" sizes=\"(max-width: 640px) 100vw, 640px\" \/><\/div>\n\t\t<\/a>\n\t\t\t\t<div class=\"elementor-post__text\">\n\t\t\t\t<h3 class=\"elementor-post__title\">\n\t\t\t<a href=\"https:\/\/msdotrabalho.com.br\/blog\/seguranca-do-trabalho\/cipa\/\" >\n\t\t\t\tCIPA\t\t\t<\/a>\n\t\t<\/h3>\n\t\t\t\t<div class=\"elementor-post__excerpt\">\n\t\t\t<p>Comiss\u00e3o Interna de Preven\u00e7\u00e3o de Acidentes na empresa Tem como objetivo a preven\u00e7\u00e3o de acidentes e doen\u00e7as decorrentes do trabalho, de modo<\/p>\n\t\t<\/div>\n\t\t\n\t\t<a class=\"elementor-post__read-more\" href=\"https:\/\/msdotrabalho.com.br\/blog\/seguranca-do-trabalho\/cipa\/\" >\n\t\t\tLeia mais \u00bb\t\t<\/a>\n\n\t\t\t\t<\/div>\n\t\t\t\t<\/article>\n\t\t\t\t<article class=\"elementor-post elementor-grid-item post-1121 post type-post status-publish format-standard has-post-thumbnail hentry category-seguranca-do-trabalho\">\n\t\t\t\t<a class=\"elementor-post__thumbnail__link\" href=\"https:\/\/msdotrabalho.com.br\/blog\/seguranca-do-trabalho\/ltcat\/\" >\n\t\t\t<div class=\"elementor-post__thumbnail\"><img decoding=\"async\" width=\"640\" height=\"427\" src=\"https:\/\/msdotrabalho.com.br\/blog\/wp-content\/uploads\/2022\/06\/ltcat.jpg\" class=\"attachment-1536x1536 size-1536x1536 wp-image-1535\" alt=\"\" srcset=\"https:\/\/msdotrabalho.com.br\/blog\/wp-content\/uploads\/2022\/06\/ltcat.jpg 640w, https:\/\/msdotrabalho.com.br\/blog\/wp-content\/uploads\/2022\/06\/ltcat-300x200.jpg 300w\" sizes=\"(max-width: 640px) 100vw, 640px\" \/><\/div>\n\t\t<\/a>\n\t\t\t\t<div class=\"elementor-post__text\">\n\t\t\t\t<h3 class=\"elementor-post__title\">\n\t\t\t<a href=\"https:\/\/msdotrabalho.com.br\/blog\/seguranca-do-trabalho\/ltcat\/\" >\n\t\t\t\tLTCAT\t\t\t<\/a>\n\t\t<\/h3>\n\t\t\t\t<div class=\"elementor-post__excerpt\">\n\t\t\t<p>Corresponde ao resultado de levantamento t\u00e9cnico-ambiental que objetiva identificar a presen\u00e7a e a exposi\u00e7\u00e3o dos trabalhadores a agentes f\u00edsicos, qu\u00edmicos e\/ou biol\u00f3gicos,<\/p>\n\t\t<\/div>\n\t\t\n\t\t<a class=\"elementor-post__read-more\" href=\"https:\/\/msdotrabalho.com.br\/blog\/seguranca-do-trabalho\/ltcat\/\" >\n\t\t\tLeia mais \u00bb\t\t<\/a>\n\n\t\t\t\t<\/div>\n\t\t\t\t<\/article>\n\t\t\t\t<article class=\"elementor-post elementor-grid-item post-1119 post type-post status-publish format-standard has-post-thumbnail hentry category-seguranca-do-trabalho\">\n\t\t\t\t<a class=\"elementor-post__thumbnail__link\" href=\"https:\/\/msdotrabalho.com.br\/blog\/seguranca-do-trabalho\/ordem-de-servico\/\" >\n\t\t\t<div class=\"elementor-post__thumbnail\"><img decoding=\"async\" width=\"640\" height=\"427\" src=\"https:\/\/msdotrabalho.com.br\/blog\/wp-content\/uploads\/2022\/06\/ordem-de-servico.jpg\" class=\"attachment-1536x1536 size-1536x1536 wp-image-1533\" alt=\"\" srcset=\"https:\/\/msdotrabalho.com.br\/blog\/wp-content\/uploads\/2022\/06\/ordem-de-servico.jpg 640w, https:\/\/msdotrabalho.com.br\/blog\/wp-content\/uploads\/2022\/06\/ordem-de-servico-300x200.jpg 300w\" sizes=\"(max-width: 640px) 100vw, 640px\" \/><\/div>\n\t\t<\/a>\n\t\t\t\t<div class=\"elementor-post__text\">\n\t\t\t\t<h3 class=\"elementor-post__title\">\n\t\t\t<a href=\"https:\/\/msdotrabalho.com.br\/blog\/seguranca-do-trabalho\/ordem-de-servico\/\" >\n\t\t\t\tOrdem de Servi\u00e7o\t\t\t<\/a>\n\t\t<\/h3>\n\t\t\t\t<div class=\"elementor-post__excerpt\">\n\t\t\t<p>A ordem de servi\u00e7o \u00e9 um documento obrigat\u00f3rio emitido pelo empregador, seu objetivo \u00e9 instruir os colaboradores quanto \u00e0s suas precau\u00e7\u00f5es a<\/p>\n\t\t<\/div>\n\t\t\n\t\t<a class=\"elementor-post__read-more\" href=\"https:\/\/msdotrabalho.com.br\/blog\/seguranca-do-trabalho\/ordem-de-servico\/\" >\n\t\t\tLeia mais \u00bb\t\t<\/a>\n\n\t\t\t\t<\/div>\n\t\t\t\t<\/article>\n\t\t\t\t<article class=\"elementor-post elementor-grid-item post-1123 post type-post status-publish format-standard has-post-thumbnail hentry category-seguranca-do-trabalho\">\n\t\t\t\t<a class=\"elementor-post__thumbnail__link\" href=\"https:\/\/msdotrabalho.com.br\/blog\/seguranca-do-trabalho\/pcmat\/\" >\n\t\t\t<div class=\"elementor-post__thumbnail\"><img loading=\"lazy\" decoding=\"async\" width=\"640\" height=\"427\" src=\"https:\/\/msdotrabalho.com.br\/blog\/wp-content\/uploads\/2022\/06\/PCMAT.jpg\" class=\"attachment-1536x1536 size-1536x1536 wp-image-1528\" alt=\"\" srcset=\"https:\/\/msdotrabalho.com.br\/blog\/wp-content\/uploads\/2022\/06\/PCMAT.jpg 640w, https:\/\/msdotrabalho.com.br\/blog\/wp-content\/uploads\/2022\/06\/PCMAT-300x200.jpg 300w\" sizes=\"(max-width: 640px) 100vw, 640px\" \/><\/div>\n\t\t<\/a>\n\t\t\t\t<div class=\"elementor-post__text\">\n\t\t\t\t<h3 class=\"elementor-post__title\">\n\t\t\t<a href=\"https:\/\/msdotrabalho.com.br\/blog\/seguranca-do-trabalho\/pcmat\/\" >\n\t\t\t\tPCMAT\t\t\t<\/a>\n\t\t<\/h3>\n\t\t\t\t<div class=\"elementor-post__excerpt\">\n\t\t\t<p>O PCMAT \u00e9 um conjunto de a\u00e7\u00f5es relativas a seguran\u00e7a e \u00e0 sa\u00fade do trabalho, ordenadamente dispostas, visando \u00e0 preserva\u00e7\u00e3o da sa\u00fade<\/p>\n\t\t<\/div>\n\t\t\n\t\t<a class=\"elementor-post__read-more\" href=\"https:\/\/msdotrabalho.com.br\/blog\/seguranca-do-trabalho\/pcmat\/\" >\n\t\t\tLeia mais \u00bb\t\t<\/a>\n\n\t\t\t\t<\/div>\n\t\t\t\t<\/article>\n\t\t\t\t<article class=\"elementor-post elementor-grid-item post-1107 post type-post status-publish format-standard has-post-thumbnail hentry category-seguranca-do-trabalho\">\n\t\t\t\t<a class=\"elementor-post__thumbnail__link\" href=\"https:\/\/msdotrabalho.com.br\/blog\/seguranca-do-trabalho\/pcmso\/\" >\n\t\t\t<div class=\"elementor-post__thumbnail\"><img loading=\"lazy\" decoding=\"async\" width=\"640\" height=\"427\" src=\"https:\/\/msdotrabalho.com.br\/blog\/wp-content\/uploads\/2022\/06\/pcmso.jpg\" class=\"attachment-1536x1536 size-1536x1536 wp-image-1536\" alt=\"\" srcset=\"https:\/\/msdotrabalho.com.br\/blog\/wp-content\/uploads\/2022\/06\/pcmso.jpg 640w, https:\/\/msdotrabalho.com.br\/blog\/wp-content\/uploads\/2022\/06\/pcmso-300x200.jpg 300w\" sizes=\"(max-width: 640px) 100vw, 640px\" \/><\/div>\n\t\t<\/a>\n\t\t\t\t<div class=\"elementor-post__text\">\n\t\t\t\t<h3 class=\"elementor-post__title\">\n\t\t\t<a href=\"https:\/\/msdotrabalho.com.br\/blog\/seguranca-do-trabalho\/pcmso\/\" >\n\t\t\t\tPCMSO\t\t\t<\/a>\n\t\t<\/h3>\n\t\t\t\t<div class=\"elementor-post__excerpt\">\n\t\t\t<p>Programa de Controle M\u00e9dico de Sa\u00fade Ocupacional \u00e9 baseado na norma regulamentadora da NR7. O programa deve ser elaborado e implementado, tendo<\/p>\n\t\t<\/div>\n\t\t\n\t\t<a class=\"elementor-post__read-more\" href=\"https:\/\/msdotrabalho.com.br\/blog\/seguranca-do-trabalho\/pcmso\/\" >\n\t\t\tLeia mais \u00bb\t\t<\/a>\n\n\t\t\t\t<\/div>\n\t\t\t\t<\/article>\n\t\t\t\t<article class=\"elementor-post elementor-grid-item post-1176 post type-post status-publish format-standard has-post-thumbnail hentry category-destaques category-seguranca-do-trabalho\">\n\t\t\t\t<a class=\"elementor-post__thumbnail__link\" href=\"https:\/\/msdotrabalho.com.br\/blog\/seguranca-do-trabalho\/pericias\/\" >\n\t\t\t<div class=\"elementor-post__thumbnail\"><img loading=\"lazy\" decoding=\"async\" width=\"640\" height=\"427\" src=\"https:\/\/msdotrabalho.com.br\/blog\/wp-content\/uploads\/2022\/06\/pericias.jpg\" class=\"attachment-1536x1536 size-1536x1536 wp-image-1527\" alt=\"\" srcset=\"https:\/\/msdotrabalho.com.br\/blog\/wp-content\/uploads\/2022\/06\/pericias.jpg 640w, https:\/\/msdotrabalho.com.br\/blog\/wp-content\/uploads\/2022\/06\/pericias-300x200.jpg 300w\" sizes=\"(max-width: 640px) 100vw, 640px\" \/><\/div>\n\t\t<\/a>\n\t\t\t\t<div class=\"elementor-post__text\">\n\t\t\t\t<h3 class=\"elementor-post__title\">\n\t\t\t<a href=\"https:\/\/msdotrabalho.com.br\/blog\/seguranca-do-trabalho\/pericias\/\" >\n\t\t\t\tPer\u00edcias\t\t\t<\/a>\n\t\t<\/h3>\n\t\t\t\t<div class=\"elementor-post__excerpt\">\n\t\t\t<p>Com uma equipe multiprofissional e capacitada, na \u00e1rea de Assist\u00eancia T\u00e9cnica, a M&amp;S do Trabalho presta toda a assessoria necess\u00e1ria aos clientes<\/p>\n\t\t<\/div>\n\t\t\n\t\t<a class=\"elementor-post__read-more\" href=\"https:\/\/msdotrabalho.com.br\/blog\/seguranca-do-trabalho\/pericias\/\" >\n\t\t\tLeia mais \u00bb\t\t<\/a>\n\n\t\t\t\t<\/div>\n\t\t\t\t<\/article>\n\t\t\t\t<article class=\"elementor-post elementor-grid-item post-1112 post type-post status-publish format-standard has-post-thumbnail hentry category-seguranca-do-trabalho\">\n\t\t\t\t<a class=\"elementor-post__thumbnail__link\" href=\"https:\/\/msdotrabalho.com.br\/blog\/seguranca-do-trabalho\/pgr\/\" >\n\t\t\t<div class=\"elementor-post__thumbnail\"><img loading=\"lazy\" decoding=\"async\" width=\"640\" height=\"427\" src=\"https:\/\/msdotrabalho.com.br\/blog\/wp-content\/uploads\/2022\/06\/pgr.jpg\" class=\"attachment-1536x1536 size-1536x1536 wp-image-1541\" alt=\"\" srcset=\"https:\/\/msdotrabalho.com.br\/blog\/wp-content\/uploads\/2022\/06\/pgr.jpg 640w, https:\/\/msdotrabalho.com.br\/blog\/wp-content\/uploads\/2022\/06\/pgr-300x200.jpg 300w\" sizes=\"(max-width: 640px) 100vw, 640px\" \/><\/div>\n\t\t<\/a>\n\t\t\t\t<div class=\"elementor-post__text\">\n\t\t\t\t<h3 class=\"elementor-post__title\">\n\t\t\t<a href=\"https:\/\/msdotrabalho.com.br\/blog\/seguranca-do-trabalho\/pgr\/\" >\n\t\t\t\tPGR\t\t\t<\/a>\n\t\t<\/h3>\n\t\t\t\t<div class=\"elementor-post__excerpt\">\n\t\t\t<p>Programa de Gerenciamento de Riscos \u00e9 um programa para gerenciar os riscos existente dentro ambiente laboral onde meio por de um levantamento<\/p>\n\t\t<\/div>\n\t\t\n\t\t<a class=\"elementor-post__read-more\" href=\"https:\/\/msdotrabalho.com.br\/blog\/seguranca-do-trabalho\/pgr\/\" >\n\t\t\tLeia mais \u00bb\t\t<\/a>\n\n\t\t\t\t<\/div>\n\t\t\t\t<\/article>\n\t\t\t\t<\/div>\n\t\t\n\t\t\t\t\t\t<\/div>\n\t\t\t\t<\/div>\n\t\t\t\t\t<\/div>\n\t\t<\/div>\n\t\t\t\t\t<\/div>\n\t\t<\/section>\n\t\t\t\t<\/div>\n\t\t","protected":false},"excerpt":{"rendered":"<p>Seguran\u00e7a do Trabalho<\/p>\n","protected":false},"author":1,"featured_media":0,"parent":0,"menu_order":0,"comment_status":"closed","ping_status":"closed","template":"elementor_header_footer","meta":{"_joinchat":[],"footnotes":""},"class_list":["post-1242","page","type-page","status-publish","hentry"],"yoast_head":"<!-- This site is optimized with the Yoast SEO plugin v27.2 - https:\/\/yoast.com\/product\/yoast-seo-wordpress\/ -->\n<title>Seguran\u00e7a do Trabalho - M&amp;S do Trabalho<\/title>\n<meta name=\"robots\" content=\"index, follow, max-snippet:-1, max-image-preview:large, max-video-preview:-1\" \/>\n<link rel=\"canonical\" href=\"https:\/\/msdotrabalho.com.br\/blog\/seguranca-trabalho\/\" \/>\n<meta property=\"og:locale\" content=\"pt_BR\" \/>\n<meta property=\"og:type\" content=\"article\" \/>\n<meta property=\"og:title\" content=\"Seguran\u00e7a do Trabalho - M&amp;S do Trabalho\" \/>\n<meta property=\"og:description\" content=\"Seguran\u00e7a do Trabalho\" \/>\n<meta property=\"og:url\" content=\"https:\/\/msdotrabalho.com.br\/blog\/seguranca-trabalho\/\" \/>\n<meta property=\"og:site_name\" content=\"M&amp;S do Trabalho\" \/>\n<meta property=\"article:publisher\" content=\"https:\/\/www.facebook.com\/msdotrabalho\" \/>\n<meta property=\"article:modified_time\" content=\"2022-07-01T12:01:03+00:00\" \/>\n<meta name=\"twitter:card\" content=\"summary_large_image\" \/>\n<meta name=\"twitter:label1\" content=\"Est. tempo de leitura\" \/>\n\t<meta name=\"twitter:data1\" content=\"3 minutos\" \/>\n<script type=\"application\/ld+json\" class=\"yoast-schema-graph\">{\"@context\":\"https:\/\/schema.org\",\"@graph\":[{\"@type\":\"WebPage\",\"@id\":\"https:\/\/msdotrabalho.com.br\/blog\/seguranca-trabalho\/\",\"url\":\"https:\/\/msdotrabalho.com.br\/blog\/seguranca-trabalho\/\",\"name\":\"Seguran\u00e7a do Trabalho - M&amp;S do Trabalho\",\"isPartOf\":{\"@id\":\"https:\/\/msdotrabalho.com.br\/blog\/#website\"},\"datePublished\":\"2022-06-22T14:12:39+00:00\",\"dateModified\":\"2022-07-01T12:01:03+00:00\",\"breadcrumb\":{\"@id\":\"https:\/\/msdotrabalho.com.br\/blog\/seguranca-trabalho\/#breadcrumb\"},\"inLanguage\":\"pt-BR\",\"potentialAction\":[{\"@type\":\"ReadAction\",\"target\":[\"https:\/\/msdotrabalho.com.br\/blog\/seguranca-trabalho\/\"]}]},{\"@type\":\"BreadcrumbList\",\"@id\":\"https:\/\/msdotrabalho.com.br\/blog\/seguranca-trabalho\/#breadcrumb\",\"itemListElement\":[{\"@type\":\"ListItem\",\"position\":1,\"name\":\"In\u00edcio\",\"item\":\"https:\/\/msdotrabalho.com.br\/blog\/\"},{\"@type\":\"ListItem\",\"position\":2,\"name\":\"Seguran\u00e7a do Trabalho\"}]},{\"@type\":\"WebSite\",\"@id\":\"https:\/\/msdotrabalho.com.br\/blog\/#website\",\"url\":\"https:\/\/msdotrabalho.com.br\/blog\/\",\"name\":\"M&S do Trabalho\",\"description\":\"Somos uma empresa de presta\u00e7\u00e3o de servi\u00e7os na \u00e1rea de Engenharia de Seguran\u00e7a e Medicina do Trabalho, sediada em Natal\/RN. Criada com princ\u00edpios e valores que fazem desta ser um diferencial no mercado em atua\u00e7\u00e3o, proporcionando aos nossos clientes dedica\u00e7\u00e3o, comprometimento e qualidade.\",\"publisher\":{\"@id\":\"https:\/\/msdotrabalho.com.br\/blog\/#organization\"},\"potentialAction\":[{\"@type\":\"SearchAction\",\"target\":{\"@type\":\"EntryPoint\",\"urlTemplate\":\"https:\/\/msdotrabalho.com.br\/blog\/?s={search_term_string}\"},\"query-input\":{\"@type\":\"PropertyValueSpecification\",\"valueRequired\":true,\"valueName\":\"search_term_string\"}}],\"inLanguage\":\"pt-BR\"},{\"@type\":\"Organization\",\"@id\":\"https:\/\/msdotrabalho.com.br\/blog\/#organization\",\"name\":\"M&S do Trabalho\",\"url\":\"https:\/\/msdotrabalho.com.br\/blog\/\",\"logo\":{\"@type\":\"ImageObject\",\"inLanguage\":\"pt-BR\",\"@id\":\"https:\/\/msdotrabalho.com.br\/blog\/#\/schema\/logo\/image\/\",\"url\":\"https:\/\/msdotrabalho.com.br\/blog\/wp-content\/uploads\/2022\/04\/logo.png\",\"contentUrl\":\"https:\/\/msdotrabalho.com.br\/blog\/wp-content\/uploads\/2022\/04\/logo.png\",\"width\":400,\"height\":216,\"caption\":\"M&S do Trabalho\"},\"image\":{\"@id\":\"https:\/\/msdotrabalho.com.br\/blog\/#\/schema\/logo\/image\/\"},\"sameAs\":[\"https:\/\/www.facebook.com\/msdotrabalho\"]}]}<\/script>\n<!-- \/ Yoast SEO plugin. -->","yoast_head_json":{"title":"Seguran\u00e7a do Trabalho - M&amp;S do Trabalho","robots":{"index":"index","follow":"follow","max-snippet":"max-snippet:-1","max-image-preview":"max-image-preview:large","max-video-preview":"max-video-preview:-1"},"canonical":"https:\/\/msdotrabalho.com.br\/blog\/seguranca-trabalho\/","og_locale":"pt_BR","og_type":"article","og_title":"Seguran\u00e7a do Trabalho - M&amp;S do Trabalho","og_description":"Seguran\u00e7a do Trabalho","og_url":"https:\/\/msdotrabalho.com.br\/blog\/seguranca-trabalho\/","og_site_name":"M&amp;S do Trabalho","article_publisher":"https:\/\/www.facebook.com\/msdotrabalho","article_modified_time":"2022-07-01T12:01:03+00:00","twitter_card":"summary_large_image","twitter_misc":{"Est. tempo de leitura":"3 minutos"},"schema":{"@context":"https:\/\/schema.org","@graph":[{"@type":"WebPage","@id":"https:\/\/msdotrabalho.com.br\/blog\/seguranca-trabalho\/","url":"https:\/\/msdotrabalho.com.br\/blog\/seguranca-trabalho\/","name":"Seguran\u00e7a do Trabalho - M&amp;S do Trabalho","isPartOf":{"@id":"https:\/\/msdotrabalho.com.br\/blog\/#website"},"datePublished":"2022-06-22T14:12:39+00:00","dateModified":"2022-07-01T12:01:03+00:00","breadcrumb":{"@id":"https:\/\/msdotrabalho.com.br\/blog\/seguranca-trabalho\/#breadcrumb"},"inLanguage":"pt-BR","potentialAction":[{"@type":"ReadAction","target":["https:\/\/msdotrabalho.com.br\/blog\/seguranca-trabalho\/"]}]},{"@type":"BreadcrumbList","@id":"https:\/\/msdotrabalho.com.br\/blog\/seguranca-trabalho\/#breadcrumb","itemListElement":[{"@type":"ListItem","position":1,"name":"In\u00edcio","item":"https:\/\/msdotrabalho.com.br\/blog\/"},{"@type":"ListItem","position":2,"name":"Seguran\u00e7a do Trabalho"}]},{"@type":"WebSite","@id":"https:\/\/msdotrabalho.com.br\/blog\/#website","url":"https:\/\/msdotrabalho.com.br\/blog\/","name":"M&S do Trabalho","description":"Somos uma empresa de presta\u00e7\u00e3o de servi\u00e7os na \u00e1rea de Engenharia de Seguran\u00e7a e Medicina do Trabalho, sediada em Natal\/RN. Criada com princ\u00edpios e valores que fazem desta ser um diferencial no mercado em atua\u00e7\u00e3o, proporcionando aos nossos clientes dedica\u00e7\u00e3o, comprometimento e qualidade.","publisher":{"@id":"https:\/\/msdotrabalho.com.br\/blog\/#organization"},"potentialAction":[{"@type":"SearchAction","target":{"@type":"EntryPoint","urlTemplate":"https:\/\/msdotrabalho.com.br\/blog\/?s={search_term_string}"},"query-input":{"@type":"PropertyValueSpecification","valueRequired":true,"valueName":"search_term_string"}}],"inLanguage":"pt-BR"},{"@type":"Organization","@id":"https:\/\/msdotrabalho.com.br\/blog\/#organization","name":"M&S do Trabalho","url":"https:\/\/msdotrabalho.com.br\/blog\/","logo":{"@type":"ImageObject","inLanguage":"pt-BR","@id":"https:\/\/msdotrabalho.com.br\/blog\/#\/schema\/logo\/image\/","url":"https:\/\/msdotrabalho.com.br\/blog\/wp-content\/uploads\/2022\/04\/logo.png","contentUrl":"https:\/\/msdotrabalho.com.br\/blog\/wp-content\/uploads\/2022\/04\/logo.png","width":400,"height":216,"caption":"M&S do Trabalho"},"image":{"@id":"https:\/\/msdotrabalho.com.br\/blog\/#\/schema\/logo\/image\/"},"sameAs":["https:\/\/www.facebook.com\/msdotrabalho"]}]}},"_links":{"self":[{"href":"https:\/\/msdotrabalho.com.br\/blog\/wp-json\/wp\/v2\/pages\/1242","targetHints":{"allow":["GET"]}}],"collection":[{"href":"https:\/\/msdotrabalho.com.br\/blog\/wp-json\/wp\/v2\/pages"}],"about":[{"href":"https:\/\/msdotrabalho.com.br\/blog\/wp-json\/wp\/v2\/types\/page"}],"author":[{"embeddable":true,"href":"https:\/\/msdotrabalho.com.br\/blog\/wp-json\/wp\/v2\/users\/1"}],"replies":[{"embeddable":true,"href":"https:\/\/msdotrabalho.com.br\/blog\/wp-json\/wp\/v2\/comments?post=1242"}],"version-history":[{"count":26,"href":"https:\/\/msdotrabalho.com.br\/blog\/wp-json\/wp\/v2\/pages\/1242\/revisions"}],"predecessor-version":[{"id":1629,"href":"https:\/\/msdotrabalho.com.br\/blog\/wp-json\/wp\/v2\/pages\/1242\/revisions\/1629"}],"wp:attachment":[{"href":"https:\/\/msdotrabalho.com.br\/blog\/wp-json\/wp\/v2\/media?parent=1242"}],"curies":[{"name":"wp","href":"https:\/\/api.w.org\/{rel}","templated":true}]}}